{"id":2983,"date":"2021-05-10T06:14:11","date_gmt":"2021-05-10T06:14:11","guid":{"rendered":"https:\/\/www.heijtingmachinery.nl\/?page_id=2983"},"modified":"2025-07-15T14:29:11","modified_gmt":"2025-07-15T14:29:11","slug":"over-ons","status":"publish","type":"page","link":"https:\/\/www.heijtingmachinery.nl\/en\/over-ons\/","title":{"rendered":"About us"},"content":{"rendered":"<div data-vc-full-width=\"true\" data-vc-full-width-init=\"false\" data-vc-stretch-content=\"true\" class=\"vc_row wpb_row row home-slider vc_custom_1620635981187 no-padding vc_row-no-padding\"><div class=\"vc_column_container col-md-6 vc_custom_1620635970740\"><div class=\"wpb_wrapper vc_column-inner\"><div class=\"porto-u-heading vc_hidden-sm vc_hidden-xs  wpb_custom_95aa9a11c17ad45cfabaf210d84ee7cc porto-u-ad87e2eaf3f9c495180fe0156ddf3eb0\"><div class=\"porto-u-main-heading\"><h1   style=\"font-weight:900;color:#008bce;font-size:50px;\">ABOUT US<\/h1><\/div><style>.porto-u-ad87e2eaf3f9c495180fe0156ddf3eb0.porto-u-heading{text-align:left}<\/style><\/div><\/div><\/div><div class=\"vc_column_container col-md-6\"><div class=\"wpb_wrapper vc_column-inner\"><\/div><\/div><\/div><div class=\"vc_row-full-width vc_clearfix\"><\/div><div data-vc-full-width=\"true\" data-vc-full-width-init=\"false\" data-vc-stretch-content=\"true\" class=\"vc_row wpb_row row home-slider vc_custom_1620635981187 no-padding vc_row-no-padding\"><div class=\"vc_column_container col-md-6\"><div class=\"wpb_wrapper vc_column-inner\"><div class=\"porto-u-heading vc_hidden-lg vc_hidden-md  wpb_custom_95aa9a11c17ad45cfabaf210d84ee7cc porto-u-55ca8359258f9a412be7e73af65d2aac\"><div class=\"porto-u-main-heading\"><h1   style=\"font-weight:900;color:#008bce;font-size:50px;\">ABOUT US<\/h1><\/div><style>.porto-u-55ca8359258f9a412be7e73af65d2aac.porto-u-heading{text-align:center}<\/style><\/div><\/div><\/div><div class=\"vc_column_container col-md-6\"><div class=\"wpb_wrapper vc_column-inner\"><\/div><\/div><\/div><div class=\"vc_row-full-width vc_clearfix\"><\/div><div class=\"vc_row wpb_row row\"><div class=\"vc_column_container col-md-12\"><div class=\"wpb_wrapper vc_column-inner\">\n\t<div class=\"wpb_text_column wpb_content_element  vc_hidden-sm vc_hidden-xs\" >\n\t\t<div class=\"wpb_wrapper\">\n\t\t\t<h3 data-start=\"248\" data-end=\"265\">De WIDO Groep<\/h3>\n<p data-start=\"267\" data-end=\"333\"><strong data-start=\"267\" data-end=\"289\">WIDO Kranenverhuur<\/strong> bestaat sinds 1951 en houdt zich bezig met:<\/p>\n<ul data-start=\"335\" data-end=\"463\">\n<li data-start=\"335\" data-end=\"380\">\n<p data-start=\"337\" data-end=\"380\">Verhuur van mobiele kranen en torenkranen<\/p>\n<\/li>\n<li data-start=\"381\" data-end=\"463\">\n<p data-start=\"383\" data-end=\"463\">Interne transporten en machineverhuizingen<\/p>\n<\/li>\n<\/ul>\n<p data-start=\"465\" data-end=\"618\">Door de jaren heen heeft WIDO een breed machinepark opgebouwd en veel ervaring opgedaan in verschillende sectoren, zowel binnen Nederland als daarbuiten.<\/p>\n<p data-start=\"620\" data-end=\"729\">Naast WIDO Kranenverhuur maken ook <strong data-start=\"655\" data-end=\"677\">Heijting Machinery<\/strong> en <strong data-start=\"681\" data-end=\"701\">Industrial Parts<\/strong> deel uit van de WIDO Groep.<\/p>\n<hr data-start=\"731\" data-end=\"734\" \/>\n<h3 data-start=\"736\" data-end=\"758\">Heijting Machinery<\/h3>\n<p data-start=\"760\" data-end=\"914\"><strong data-start=\"760\" data-end=\"782\">Heijting Machinery<\/strong> is ontstaan vanuit de WIDO Groep en richt zich op de handel, reparatie en het onderhoud van bouwmachines. Wij houden ons bezig met:<\/p>\n<p data-start=\"916\" data-end=\"1113\">Inkoop en verkoop van bouwmachines<br data-start=\"950\" data-end=\"953\" \/>Wij kopen en verkopen wereldwijd nieuwe en gebruikte bouwmachines. Dankzij ons netwerk en technische kennis vinden wij vaak de juiste machine voor onze klanten.<\/p>\n<p data-start=\"1115\" data-end=\"1395\">Tweede leven voor WIDO-materieel<br data-start=\"1147\" data-end=\"1150\" \/>Omdat WIDO regelmatig haar machinepark vernieuwt, komt goed onderhouden materieel beschikbaar. Heijting Machinery biedt deze machines een tweede kans bij eindgebruikers, die zo kunnen beschikken over betrouwbare machines tegen een scherpe prijs.<\/p>\n<p data-start=\"1397\" data-end=\"1600\">Onderhoud en reparatie<br data-start=\"1419\" data-end=\"1422\" \/>Naast handel verzorgen wij ook onderhoud en reparaties aan bouwmachines, kranen, heftrucks en andere intern transportmiddelen.<\/p>\n<p data-start=\"1602\" data-end=\"1772\">Heijting Machinery kan bovendien projecten ondersteunen door bouwmachines te leveren die klanten nodig hebben op nieuwe locaties, bijvoorbeeld bij fabrieksverplaatsingen.<\/p>\n<hr data-start=\"1774\" data-end=\"1777\" \/>\n<h3 data-start=\"189\" data-end=\"209\">Industrial Parts<\/h3>\n<p data-start=\"211\" data-end=\"546\">Met <strong data-start=\"215\" data-end=\"235\">Industrial Parts<\/strong> houden wij ons bezig met de inkoop, verkoop en revisie van industri\u00eble machines en apparaten. Wij leveren machines en onderdelen uit diverse sectoren, zoals de koeltechniek, steenfabrieken en andere productiebedrijven. Bij ons kunt u terecht voor alles van kleine losse onderdelen tot complete productielijnen.<\/p>\n<p data-start=\"548\" data-end=\"943\">Dankzij de samenwerking binnen de WIDO Groep kunnen wij veel verder gaan dan alleen handel. <strong data-start=\"640\" data-end=\"662\">WIDO Kranenverhuur<\/strong> beschikt over de kennis en middelen om bijvoorbeeld een complete productielijn uit een steenfabriek of zandwinning \u00e9\u00e9n-op-\u00e9\u00e9n te verhuizen naar een nieuwe locatie. <strong data-start=\"827\" data-end=\"849\">Heijting Machinery<\/strong> kan daarbij het project ondersteunen met de bouwmachines die nodig zijn op de nieuwe locatie.<\/p>\n<p data-start=\"945\" data-end=\"1381\">Door deze sterke samenwerking kunnen wij klanten van A tot Z ontzorgen, van demontage en transport tot heropbouw en het leveren van de benodigde machines en onderdelen. <strong data-start=\"1114\" data-end=\"1298\">Daarnaast verkoopt Industrial Parts overtollige machines die uit zulke projecten vrijkomen duurzaam aan landen waar deze hard nodig zijn om de lokale productie draaiende te houden.<\/strong> Zo zorgen wij ervoor dat machines en apparatuur duurzaam een tweede leven krijgen.<\/p>\n<hr data-start=\"2806\" data-end=\"2809\" \/>\n<h3 data-start=\"2811\" data-end=\"2831\">What we offer you<\/h3>\n<p data-start=\"2833\" data-end=\"2909\">Bij Heijting Machinery en Industrial Parts kunt u onder andere terecht voor:<\/p>\n<ul data-start=\"2911\" data-end=\"3322\">\n<li data-start=\"2911\" data-end=\"2960\">\n<p data-start=\"2913\" data-end=\"2960\">Bouwmachines, zoals torenkranen en hijskranen<\/p>\n<\/li>\n<li data-start=\"2961\" data-end=\"3021\">\n<p data-start=\"2963\" data-end=\"3021\">Laad- en losmachines, waaronder heftrucks en hoogwerkers<\/p>\n<\/li>\n<li data-start=\"3022\" data-end=\"3075\">\n<p data-start=\"3024\" data-end=\"3075\">Transportvoertuigen, zoals diepladers en trekkers<\/p>\n<\/li>\n<li data-start=\"3076\" data-end=\"3127\">\n<p data-start=\"3078\" data-end=\"3127\">Machines voor terreinbeheer, zoals veegmachines<\/p>\n<\/li>\n<li data-start=\"3128\" data-end=\"3175\">\n<p data-start=\"3130\" data-end=\"3175\">Onderhoud en reparatie van diverse machines<\/p>\n<\/li>\n<li data-start=\"3176\" data-end=\"3254\">\n<p data-start=\"3178\" data-end=\"3254\">Verkoop van goed onderhouden materieel uit de vloot van WIDO Kranenverhuur<\/p>\n<\/li>\n<li data-start=\"3255\" data-end=\"3322\">\n<p data-start=\"3257\" data-end=\"3322\">Industri\u00eble machines en apparaten, nieuw, gebruikt of gereviseerd<\/p>\n<\/li>\n<\/ul>\n<hr data-start=\"3324\" data-end=\"3327\" \/>\n<h3 data-start=\"3329\" data-end=\"3353\">Persoonlijke service<\/h3>\n<p data-start=\"3355\" data-end=\"3597\">Wij hechten waarde aan persoonlijk contact, eerlijkheid en snelle service. Heeft u hulp nodig bij exportdocumenten of transport? Wij nemen dat graag uit handen. U bent van harte welkom om bij ons langs te komen \u2014 de koffie staat altijd klaar.<\/p>\n<p data-start=\"3599\" data-end=\"3732\">Bent u op zoek naar een specifieke machine die niet op onze website staat? Neem gerust contact met ons op. We denken graag met u mee.<\/p>\n<h3 data-start=\"3623\" data-end=\"3640\">Onze locaties<\/h3>\n<ul data-start=\"3642\" data-end=\"3928\">\n<li><strong data-start=\"3711\" data-end=\"3742\">WIDO Kranenverhuur Nijmegen<\/strong><br data-start=\"3742\" data-end=\"3745\" \/>Stationsstraat 37, 6515 AA Nijmegen<\/li>\n<li><strong data-start=\"3788\" data-end=\"3821\">WIDO Kranenverhuur Doetinchem<\/strong><br data-start=\"3821\" data-end=\"3824\" \/>Havenstraat 24, 7005 AG Doetinchem<\/li>\n<li><strong data-start=\"3644\" data-end=\"3664\">Industrial Parts<\/strong><br data-start=\"3664\" data-end=\"3667\" \/>Groothandelsweg 1A, 6515 AH Nijmegen<\/li>\n<li><strong data-start=\"3866\" data-end=\"3888\">Heijting Machinery<\/strong><br data-start=\"3888\" data-end=\"3891\" \/>Ressensestraat 25, 6684 DA Resse<\/li>\n<\/ul>\n\n\t\t<\/div>\n\t<\/div>\n<\/div><\/div><\/div><div class=\"vc_row wpb_row row\"><div class=\"vc_column_container col-md-12\"><div class=\"wpb_wrapper vc_column-inner\">\n\t<div class=\"wpb_text_column wpb_content_element  vc_hidden-lg vc_hidden-md\" >\n\t\t<div class=\"wpb_wrapper\">\n\t\t\t<h3 style=\"text-align: center;\" data-start=\"248\" data-end=\"265\">De WIDO Groep<\/h3>\n<p style=\"text-align: center;\" data-start=\"267\" data-end=\"333\"><strong data-start=\"267\" data-end=\"289\">WIDO Kranenverhuur<\/strong> bestaat sinds 1951 en houdt zich bezig met:<\/p>\n<ul style=\"text-align: center;\" data-start=\"335\" data-end=\"463\">\n<li data-start=\"335\" data-end=\"380\">\n<p data-start=\"337\" data-end=\"380\">Verhuur van mobiele kranen en torenkranen<\/p>\n<\/li>\n<li data-start=\"381\" data-end=\"463\">\n<p data-start=\"383\" data-end=\"463\">Interne transporten en machineverhuizingen<\/p>\n<\/li>\n<\/ul>\n<p style=\"text-align: center;\" data-start=\"465\" data-end=\"618\">Door de jaren heen heeft WIDO een breed machinepark opgebouwd en veel ervaring opgedaan in verschillende sectoren, zowel binnen Nederland als daarbuiten.<\/p>\n<p style=\"text-align: center;\" data-start=\"620\" data-end=\"729\">Naast WIDO Kranenverhuur maken ook <strong data-start=\"655\" data-end=\"677\">Heijting Machinery<\/strong> en <strong data-start=\"681\" data-end=\"701\">Industrial Parts<\/strong> deel uit van de WIDO Groep.<\/p>\n<hr data-start=\"731\" data-end=\"734\" \/>\n<h3 style=\"text-align: center;\" data-start=\"736\" data-end=\"758\">Heijting Machinery<\/h3>\n<p style=\"text-align: center;\" data-start=\"760\" data-end=\"914\"><strong data-start=\"760\" data-end=\"782\">Heijting Machinery<\/strong> is ontstaan vanuit de WIDO Groep en richt zich op de handel, reparatie en het onderhoud van bouwmachines. Wij houden ons bezig met:<\/p>\n<p style=\"text-align: center;\" data-start=\"916\" data-end=\"1113\">Inkoop en verkoop van bouwmachines<br data-start=\"950\" data-end=\"953\" \/>Wij kopen en verkopen wereldwijd nieuwe en gebruikte bouwmachines. Dankzij ons netwerk en technische kennis vinden wij vaak de juiste machine voor onze klanten.<\/p>\n<p style=\"text-align: center;\" data-start=\"1115\" data-end=\"1395\">Tweede leven voor WIDO-materieel<br data-start=\"1147\" data-end=\"1150\" \/>Omdat WIDO regelmatig haar machinepark vernieuwt, komt goed onderhouden materieel beschikbaar. Heijting Machinery biedt deze machines een tweede kans bij eindgebruikers, die zo kunnen beschikken over betrouwbare machines tegen een scherpe prijs.<\/p>\n<p style=\"text-align: center;\" data-start=\"1397\" data-end=\"1600\">Onderhoud en reparatie<br data-start=\"1419\" data-end=\"1422\" \/>Naast handel verzorgen wij ook onderhoud en reparaties aan bouwmachines, kranen, heftrucks en andere intern transportmiddelen.<\/p>\n<p style=\"text-align: center;\" data-start=\"1602\" data-end=\"1772\">Heijting Machinery kan bovendien projecten ondersteunen door bouwmachines te leveren die klanten nodig hebben op nieuwe locaties, bijvoorbeeld bij fabrieksverplaatsingen.<\/p>\n<hr data-start=\"1774\" data-end=\"1777\" \/>\n<h3 style=\"text-align: center;\" data-start=\"189\" data-end=\"209\">Industrial Parts<\/h3>\n<p style=\"text-align: center;\" data-start=\"211\" data-end=\"546\">Met <strong data-start=\"215\" data-end=\"235\">Industrial Parts<\/strong> houden wij ons bezig met de inkoop, verkoop en revisie van industri\u00eble machines en apparaten. Wij leveren machines en onderdelen uit diverse sectoren, zoals de koeltechniek, steenfabrieken en andere productiebedrijven. Bij ons kunt u terecht voor alles van kleine losse onderdelen tot complete productielijnen.<\/p>\n<p style=\"text-align: center;\" data-start=\"548\" data-end=\"943\">Dankzij de samenwerking binnen de WIDO Groep kunnen wij veel verder gaan dan alleen handel. <strong data-start=\"640\" data-end=\"662\">WIDO Kranenverhuur<\/strong> beschikt over de kennis en middelen om bijvoorbeeld een complete productielijn uit een steenfabriek of zandwinning \u00e9\u00e9n-op-\u00e9\u00e9n te verhuizen naar een nieuwe locatie. <strong data-start=\"827\" data-end=\"849\">Heijting Machinery<\/strong> kan daarbij het project ondersteunen met de bouwmachines die nodig zijn op de nieuwe locatie.<\/p>\n<p style=\"text-align: center;\" data-start=\"945\" data-end=\"1381\">Door deze sterke samenwerking kunnen wij klanten van A tot Z ontzorgen, van demontage en transport tot heropbouw en het leveren van de benodigde machines en onderdelen. <strong data-start=\"1114\" data-end=\"1298\">Daarnaast verkoopt Industrial Parts overtollige machines die uit zulke projecten vrijkomen duurzaam aan landen waar deze hard nodig zijn om de lokale productie draaiende te houden.<\/strong> Zo zorgen wij ervoor dat machines en apparatuur duurzaam een tweede leven krijgen.<\/p>\n<hr data-start=\"2806\" data-end=\"2809\" \/>\n<h3 style=\"text-align: center;\" data-start=\"2811\" data-end=\"2831\">What we offer you<\/h3>\n<p style=\"text-align: center;\" data-start=\"2833\" data-end=\"2909\">Bij Heijting Machinery en Industrial Parts kunt u onder andere terecht voor:<\/p>\n<ul style=\"text-align: center;\" data-start=\"2911\" data-end=\"3322\">\n<li data-start=\"2911\" data-end=\"2960\">\n<p data-start=\"2913\" data-end=\"2960\">Bouwmachines, zoals torenkranen en hijskranen<\/p>\n<\/li>\n<li data-start=\"2961\" data-end=\"3021\">\n<p data-start=\"2963\" data-end=\"3021\">Laad- en losmachines, waaronder heftrucks en hoogwerkers<\/p>\n<\/li>\n<li data-start=\"3022\" data-end=\"3075\">\n<p data-start=\"3024\" data-end=\"3075\">Transportvoertuigen, zoals diepladers en trekkers<\/p>\n<\/li>\n<li data-start=\"3076\" data-end=\"3127\">\n<p data-start=\"3078\" data-end=\"3127\">Machines voor terreinbeheer, zoals veegmachines<\/p>\n<\/li>\n<li data-start=\"3128\" data-end=\"3175\">\n<p data-start=\"3130\" data-end=\"3175\">Onderhoud en reparatie van diverse machines<\/p>\n<\/li>\n<li data-start=\"3176\" data-end=\"3254\">\n<p data-start=\"3178\" data-end=\"3254\">Verkoop van goed onderhouden materieel uit de vloot van WIDO Kranenverhuur<\/p>\n<\/li>\n<li data-start=\"3255\" data-end=\"3322\">\n<p data-start=\"3257\" data-end=\"3322\">Industri\u00eble machines en apparaten, nieuw, gebruikt of gereviseerd<\/p>\n<\/li>\n<\/ul>\n<hr data-start=\"3324\" data-end=\"3327\" \/>\n<h3 style=\"text-align: center;\" data-start=\"3329\" data-end=\"3353\">Persoonlijke service<\/h3>\n<p style=\"text-align: center;\" data-start=\"3355\" data-end=\"3597\">Wij hechten waarde aan persoonlijk contact, eerlijkheid en snelle service. Heeft u hulp nodig bij exportdocumenten of transport? Wij nemen dat graag uit handen. U bent van harte welkom om bij ons langs te komen \u2014 de koffie staat altijd klaar.<\/p>\n<p style=\"text-align: center;\" data-start=\"3599\" data-end=\"3732\">Bent u op zoek naar een specifieke machine die niet op onze website staat? Neem gerust contact met ons op. We denken graag met u mee.<\/p>\n<h3 style=\"text-align: center;\" data-start=\"3623\" data-end=\"3640\">Onze locaties<\/h3>\n<p style=\"text-align: center;\"><strong data-start=\"3711\" data-end=\"3742\">WIDO Kranenverhuur Nijmegen<\/strong><br data-start=\"3742\" data-end=\"3745\" \/>Stationsstraat 37, 6515 AA Nijmegen<\/p>\n<p style=\"text-align: center;\"><strong data-start=\"3788\" data-end=\"3821\">WIDO Kranenverhuur Doetinchem<\/strong><br data-start=\"3821\" data-end=\"3824\" \/>Havenstraat 24, 7005 AG Doetinchem<\/p>\n<p style=\"text-align: center;\"><strong data-start=\"3644\" data-end=\"3664\">Industrial Parts<\/strong><br data-start=\"3664\" data-end=\"3667\" \/>Groothandelsweg 1A, 6515 AH Nijmegen<\/p>\n<p style=\"text-align: center;\"><strong data-start=\"3866\" data-end=\"3888\">Heijting Machinery<\/strong><br data-start=\"3888\" data-end=\"3891\" \/>Ressensestraat 25, 6684 DA Resse<\/p>\n\n\t\t<\/div>\n\t<\/div>\n<\/div><\/div><\/div><div class=\"vc_row wpb_row row\"><div class=\"vc_column_container col-md-4\"><div class=\"wpb_wrapper vc_column-inner\">\n\t<div class=\"wpb_single_image wpb_content_element vc_align_left\">\n\t\t<div class=\"wpb_wrapper\">\n\t\t\t\n\t\t\t<div class=\"vc_single_image-wrapper   vc_box_border_grey\"><img decoding=\"async\" class=\"vc_single_image-img\" src=\"https:\/\/www.heijtingmachinery.nl\/wp-content\/uploads\/2025\/07\/Schermafbeelding-2025-07-15-150411-500x300.jpg\" width=\"500\" height=\"300\" alt=\"Schermafbeelding 2025-07-15 150411\" title=\"Schermafbeelding 2025-07-15 150411\" \/><\/div>\n\t\t<\/div>\n\t<\/div>\n<\/div><\/div><div class=\"vc_column_container col-md-4\"><div class=\"wpb_wrapper vc_column-inner\">\n\t<div class=\"wpb_single_image wpb_content_element vc_align_left\">\n\t\t<div class=\"wpb_wrapper\">\n\t\t\t\n\t\t\t<div class=\"vc_single_image-wrapper   vc_box_border_grey\"><img decoding=\"async\" class=\"vc_single_image-img\" src=\"https:\/\/www.heijtingmachinery.nl\/wp-content\/uploads\/2025\/07\/heijting-machineryce25f8b7-500x300.jpg\" width=\"500\" height=\"300\" alt=\"heijting-machinery,ce25f8b7\" title=\"heijting-machinery,ce25f8b7\" \/><\/div>\n\t\t<\/div>\n\t<\/div>\n<\/div><\/div><div class=\"vc_column_container col-md-4\"><div class=\"wpb_wrapper vc_column-inner\">\n\t<div class=\"wpb_single_image wpb_content_element vc_align_left\">\n\t\t<div class=\"wpb_wrapper\">\n\t\t\t\n\t\t\t<div class=\"vc_single_image-wrapper   vc_box_border_grey\"><img decoding=\"async\" class=\"vc_single_image-img\" src=\"https:\/\/www.heijtingmachinery.nl\/wp-content\/uploads\/2025\/07\/Schermafbeelding-2025-07-15-141702-500x300.jpg\" width=\"500\" height=\"300\" alt=\"Schermafbeelding 2025-07-15 141702\" title=\"Schermafbeelding 2025-07-15 141702\" \/><\/div>\n\t\t<\/div>\n\t<\/div>\n<\/div><\/div><\/div>","protected":false},"excerpt":{"rendered":"OVER ONSOVER ONS De WIDO Groep WIDO Kranenverhuur bestaat sinds 1951 en houdt zich bezig met: Verhuur van mobiele kranen en torenkranen Interne transporten en machineverhuizingen Door de jaren heen heeft WIDO een breed machinepark opgebouwd en veel ervaring opgedaan in verschillende sectoren, zowel binnen Nederland als daarbuiten. Naast WIDO Kranenverhuur maken ook Heijting Machinery [...]","protected":false},"author":2,"featured_media":0,"parent":0,"menu_order":0,"comment_status":"closed","ping_status":"closed","template":"","meta":{"inline_featured_image":false,"footnotes":""},"class_list":["post-2983","page","type-page","status-publish","hentry"],"yoast_head":"<!-- This site is optimized with the Yoast SEO plugin v27.0 - https:\/\/yoast.com\/product\/yoast-seo-wordpress\/ -->\n<title>Over ons - Heijting Machinery<\/title>\n<meta name=\"description\" content=\"HHeijting Machinery koopt, verkoopt en onderhoudt bouwmachines wereldwijd en geeft gebruikte machines een duurzaam tweede leven.\" \/>\n<meta name=\"robots\" content=\"index, follow, max-snippet:-1, max-image-preview:large, max-video-preview:-1\" \/>\n<link rel=\"canonical\" href=\"https:\/\/www.heijtingmachinery.nl\/en\/over-ons\/\" \/>\n<meta property=\"og:locale\" content=\"en_US\" \/>\n<meta property=\"og:type\" content=\"article\" \/>\n<meta property=\"og:title\" content=\"Over ons - Heijting Machinery\" \/>\n<meta property=\"og:description\" content=\"HHeijting Machinery koopt, verkoopt en onderhoudt bouwmachines wereldwijd en geeft gebruikte machines een duurzaam tweede leven.\" \/>\n<meta property=\"og:url\" content=\"https:\/\/www.heijtingmachinery.nl\/en\/over-ons\/\" \/>\n<meta property=\"og:site_name\" content=\"Heijting Machinery\" \/>\n<meta property=\"article:modified_time\" content=\"2025-07-15T14:29:11+00:00\" \/>\n<meta name=\"twitter:card\" content=\"summary_large_image\" \/>\n<meta name=\"twitter:label1\" content=\"Est. reading time\" \/>\n\t<meta name=\"twitter:data1\" content=\"4 minutes\" \/>\n<script type=\"application\/ld+json\" class=\"yoast-schema-graph\">{\"@context\":\"https:\/\/schema.org\",\"@graph\":[{\"@type\":\"WebPage\",\"@id\":\"https:\/\/www.heijtingmachinery.nl\/over-ons\/\",\"url\":\"https:\/\/www.heijtingmachinery.nl\/over-ons\/\",\"name\":\"Over ons - Heijting Machinery\",\"isPartOf\":{\"@id\":\"https:\/\/www.heijtingmachinery.nl\/#website\"},\"datePublished\":\"2021-05-10T06:14:11+00:00\",\"dateModified\":\"2025-07-15T14:29:11+00:00\",\"description\":\"HHeijting Machinery koopt, verkoopt en onderhoudt bouwmachines wereldwijd en geeft gebruikte machines een duurzaam tweede leven.\",\"breadcrumb\":{\"@id\":\"https:\/\/www.heijtingmachinery.nl\/over-ons\/#breadcrumb\"},\"inLanguage\":\"en-US\",\"potentialAction\":[{\"@type\":\"ReadAction\",\"target\":[\"https:\/\/www.heijtingmachinery.nl\/over-ons\/\"]}]},{\"@type\":\"BreadcrumbList\",\"@id\":\"https:\/\/www.heijtingmachinery.nl\/over-ons\/#breadcrumb\",\"itemListElement\":[{\"@type\":\"ListItem\",\"position\":1,\"name\":\"Home\",\"item\":\"https:\/\/www.heijtingmachinery.nl\/\"},{\"@type\":\"ListItem\",\"position\":2,\"name\":\"Over ons\"}]},{\"@type\":\"WebSite\",\"@id\":\"https:\/\/www.heijtingmachinery.nl\/#website\",\"url\":\"https:\/\/www.heijtingmachinery.nl\/\",\"name\":\"Heijting Machinery\",\"description\":\"Ruim aanbod van gebruikte bouwmachines en kranen\",\"publisher\":{\"@id\":\"https:\/\/www.heijtingmachinery.nl\/#organization\"},\"potentialAction\":[{\"@type\":\"SearchAction\",\"target\":{\"@type\":\"EntryPoint\",\"urlTemplate\":\"https:\/\/www.heijtingmachinery.nl\/?s={search_term_string}\"},\"query-input\":{\"@type\":\"PropertyValueSpecification\",\"valueRequired\":true,\"valueName\":\"search_term_string\"}}],\"inLanguage\":\"en-US\"},{\"@type\":\"Organization\",\"@id\":\"https:\/\/www.heijtingmachinery.nl\/#organization\",\"name\":\"Heijting Machinery\",\"url\":\"https:\/\/www.heijtingmachinery.nl\/\",\"logo\":{\"@type\":\"ImageObject\",\"inLanguage\":\"en-US\",\"@id\":\"https:\/\/www.heijtingmachinery.nl\/#\/schema\/logo\/image\/\",\"url\":\"https:\/\/www.heijtingmachinery.nl\/wp-content\/uploads\/2021\/04\/Heijting-Machinery-logo-lang-kleur.png\",\"contentUrl\":\"https:\/\/www.heijtingmachinery.nl\/wp-content\/uploads\/2021\/04\/Heijting-Machinery-logo-lang-kleur.png\",\"width\":409,\"height\":50,\"caption\":\"Heijting Machinery\"},\"image\":{\"@id\":\"https:\/\/www.heijtingmachinery.nl\/#\/schema\/logo\/image\/\"}}]}<\/script>\n<!-- \/ Yoast SEO plugin. -->","yoast_head_json":{"title":"Over ons - Heijting Machinery","description":"HHeijting Machinery koopt, verkoopt en onderhoudt bouwmachines wereldwijd en geeft gebruikte machines een duurzaam tweede leven.","robots":{"index":"index","follow":"follow","max-snippet":"max-snippet:-1","max-image-preview":"max-image-preview:large","max-video-preview":"max-video-preview:-1"},"canonical":"https:\/\/www.heijtingmachinery.nl\/en\/over-ons\/","og_locale":"en_US","og_type":"article","og_title":"Over ons - Heijting Machinery","og_description":"HHeijting Machinery koopt, verkoopt en onderhoudt bouwmachines wereldwijd en geeft gebruikte machines een duurzaam tweede leven.","og_url":"https:\/\/www.heijtingmachinery.nl\/en\/over-ons\/","og_site_name":"Heijting Machinery","article_modified_time":"2025-07-15T14:29:11+00:00","twitter_card":"summary_large_image","twitter_misc":{"Est. reading time":"4 minutes"},"schema":{"@context":"https:\/\/schema.org","@graph":[{"@type":"WebPage","@id":"https:\/\/www.heijtingmachinery.nl\/over-ons\/","url":"https:\/\/www.heijtingmachinery.nl\/over-ons\/","name":"Over ons - Heijting Machinery","isPartOf":{"@id":"https:\/\/www.heijtingmachinery.nl\/#website"},"datePublished":"2021-05-10T06:14:11+00:00","dateModified":"2025-07-15T14:29:11+00:00","description":"HHeijting Machinery koopt, verkoopt en onderhoudt bouwmachines wereldwijd en geeft gebruikte machines een duurzaam tweede leven.","breadcrumb":{"@id":"https:\/\/www.heijtingmachinery.nl\/over-ons\/#breadcrumb"},"inLanguage":"en-US","potentialAction":[{"@type":"ReadAction","target":["https:\/\/www.heijtingmachinery.nl\/over-ons\/"]}]},{"@type":"BreadcrumbList","@id":"https:\/\/www.heijtingmachinery.nl\/over-ons\/#breadcrumb","itemListElement":[{"@type":"ListItem","position":1,"name":"Home","item":"https:\/\/www.heijtingmachinery.nl\/"},{"@type":"ListItem","position":2,"name":"Over ons"}]},{"@type":"WebSite","@id":"https:\/\/www.heijtingmachinery.nl\/#website","url":"https:\/\/www.heijtingmachinery.nl\/","name":"Heijting Machinery","description":"Ruim aanbod van gebruikte bouwmachines en kranen","publisher":{"@id":"https:\/\/www.heijtingmachinery.nl\/#organization"},"potentialAction":[{"@type":"SearchAction","target":{"@type":"EntryPoint","urlTemplate":"https:\/\/www.heijtingmachinery.nl\/?s={search_term_string}"},"query-input":{"@type":"PropertyValueSpecification","valueRequired":true,"valueName":"search_term_string"}}],"inLanguage":"en-US"},{"@type":"Organization","@id":"https:\/\/www.heijtingmachinery.nl\/#organization","name":"Heijting Machinery","url":"https:\/\/www.heijtingmachinery.nl\/","logo":{"@type":"ImageObject","inLanguage":"en-US","@id":"https:\/\/www.heijtingmachinery.nl\/#\/schema\/logo\/image\/","url":"https:\/\/www.heijtingmachinery.nl\/wp-content\/uploads\/2021\/04\/Heijting-Machinery-logo-lang-kleur.png","contentUrl":"https:\/\/www.heijtingmachinery.nl\/wp-content\/uploads\/2021\/04\/Heijting-Machinery-logo-lang-kleur.png","width":409,"height":50,"caption":"Heijting Machinery"},"image":{"@id":"https:\/\/www.heijtingmachinery.nl\/#\/schema\/logo\/image\/"}}]}},"_links":{"self":[{"href":"https:\/\/www.heijtingmachinery.nl\/en\/wp-json\/wp\/v2\/pages\/2983","targetHints":{"allow":["GET"]}}],"collection":[{"href":"https:\/\/www.heijtingmachinery.nl\/en\/wp-json\/wp\/v2\/pages"}],"about":[{"href":"https:\/\/www.heijtingmachinery.nl\/en\/wp-json\/wp\/v2\/types\/page"}],"author":[{"embeddable":true,"href":"https:\/\/www.heijtingmachinery.nl\/en\/wp-json\/wp\/v2\/users\/2"}],"replies":[{"embeddable":true,"href":"https:\/\/www.heijtingmachinery.nl\/en\/wp-json\/wp\/v2\/comments?post=2983"}],"version-history":[{"count":74,"href":"https:\/\/www.heijtingmachinery.nl\/en\/wp-json\/wp\/v2\/pages\/2983\/revisions"}],"predecessor-version":[{"id":3362,"href":"https:\/\/www.heijtingmachinery.nl\/en\/wp-json\/wp\/v2\/pages\/2983\/revisions\/3362"}],"wp:attachment":[{"href":"https:\/\/www.heijtingmachinery.nl\/en\/wp-json\/wp\/v2\/media?parent=2983"}],"curies":[{"name":"wp","href":"https:\/\/api.w.org\/{rel}","templated":true}]}}